{"id":430,"date":"2021-08-25T13:18:23","date_gmt":"2021-08-25T13:18:23","guid":{"rendered":"https:\/\/webdome.at\/sojus-1\/?page_id=430"},"modified":"2024-06-24T08:22:53","modified_gmt":"2024-06-24T08:22:53","slug":"impressum","status":"publish","type":"page","link":"https:\/\/kreischberg-eck.at\/index.php\/impressum\/","title":{"rendered":"Impressum"},"content":{"rendered":"\t\t<div data-elementor-type=\"wp-page\" data-elementor-id=\"430\" class=\"elementor elementor-430\" data-elementor-post-type=\"page\">\n\t\t\t\t\t\t<section data-particle_enable=\"false\" data-particle-mobile-disabled=\"false\" class=\"elementor-section elementor-top-section elementor-element elementor-element-ff91040 elementor-section-boxed elementor-section-height-default elementor-section-height-default\" data-id=\"ff91040\" data-element_type=\"section\">\n\t\t\t\t\t\t<div class=\"elementor-container elementor-column-gap-default\">\n\t\t\t\t\t<div class=\"elementor-column elementor-col-100 elementor-top-column elementor-element elementor-element-e4236ea\" data-id=\"e4236ea\" data-element_type=\"column\">\n\t\t\t<div class=\"elementor-widget-wrap elementor-element-populated\">\n\t\t\t\t\t\t<div class=\"elementor-element elementor-element-f21319d elementor-widget elementor-widget-heading\" data-id=\"f21319d\" data-element_type=\"widget\" data-widget_type=\"heading.default\">\n\t\t\t\t<div class=\"elementor-widget-container\">\n\t\t\t<h1 class=\"elementor-heading-title elementor-size-default\">Impressum<\/h1>\t\t<\/div>\n\t\t\t\t<\/div>\n\t\t\t\t<div class=\"elementor-element elementor-element-59cd8c9 elementor-widget elementor-widget-text-editor\" data-id=\"59cd8c9\" data-element_type=\"widget\" data-widget_type=\"text-editor.default\">\n\t\t\t\t<div class=\"elementor-widget-container\">\n\t\t\t\t\t\t\t<div class=\"elementor-element elementor-element-67d9827 elementor-widget elementor-widget-wp-widget-text\" data-id=\"67d9827\" data-element_type=\"widget\" data-widget_type=\"wp-widget-text.default\"><div class=\"elementor-widget-container\"><div class=\"textwidget\"><div class=\"h2\">\u00a0<\/div><p>Kreischberg Eck\u00a0<br \/>Kreischbergstra\u00dfe 15<br \/>8861\u00a0Sankt Georgen ob Murau<br \/><span class=\"text-bold\">Festnetz:<\/span>\u00a0<a style=\"color: black;\" href=\"tel:+433537444\">03537 444<\/a><br \/><span class=\"text-bold\">Mail:<\/span>\u00a0<a style=\"color: black;\" href=\"mailto:lukas.kleinferchner@gmx.at\">lukas.kleinferchner@gmx.at<\/a><\/p><p><span class=\"text-bold\">Gesch\u00e4ftsf\u00fchrerIn\/InhaberIn:<\/span>\u00a0Lukas Kleinferchner<br \/><span class=\"text-bold\">Unternehmensgr\u00fcndung:<\/span>\u00a015.09.2015<br \/><span class=\"text-bold\">Gewerbe:<\/span>\u00a0Gastgewerbe<br \/><span class=\"text-bold\">UID-Nummer:<\/span>\u00a0ATU69919225<br \/><span class=\"text-bold\">Firmenbuchnummer:<\/span>\u00a0FN 440081d<br \/><span class=\"text-bold\">Kammer\/Berufsverband:<\/span>\u00a0WKO Steiermark, Fachgruppe Gastronomie<br \/><span class=\"text-bold\">Aufsichtsbeh\u00f6rde:<\/span>\u00a0Landesgericht Leoben<\/p><div class=\"h2\">ALLGEMEINE NUTZUNGSBEDINGUNGEN<\/div><div class=\"h3\">1. Haftungsausschluss<\/div><p>Obwohl die Seiten mit gr\u00f6\u00dfter Sorgfalt erstellt wurden, kann keine Gew\u00e4hr f\u00fcr die Richtigkeit, Vollst\u00e4ndigkeit und Aktualit\u00e4t der bereitgestellten Informationen \u00fcbernommen werden. Der Betreiber der Website bem\u00fcht sich darum, Fehler oder Irrt\u00fcmer zu berichtigen, wenn er Kenntnis davon erh\u00e4lt \u2013 danke f\u00fcr diesbez\u00fcgliche Hinweise. Es wird auch keine Gew\u00e4hr f\u00fcr die Verf\u00fcgbarkeit oder den Betrieb der gegenst\u00e4ndlichen Website und ihrer Inhalte \u00fcbernommen. Jede Haftung f\u00fcr unmittelbare, mittelbare oder sonstige Sch\u00e4den, unabh\u00e4ngig von deren Ursachen, die aus der Benutzung oder Nichtverf\u00fcgbarkeit der Website sowie der bereitgestellten Informationen auf dieser Website erwachsen, wird \u2013 soweit rechtlich zul\u00e4ssig \u2013 ausgeschlossen.<\/p><div class=\"h3\">2. Copyright<\/div><p>Der Inhalt dieser Website ist urheberrechtlich gesch\u00fctzt. Die Informationen sind nur f\u00fcr die pers\u00f6nliche Verwendung bestimmt. Jede weitergehende Nutzung, insbesondere die Speicherung in Datenbanken, Vervielf\u00e4ltigung und jede Form von gewerblicher Nutzung sowie die Weitergabe an Dritte \u2013 auch in Teilen oder in \u00fcberarbeiteter Form, insbesondere von Fotos, Abbildungen und Texten \u2013 ohne Zustimmung des Betreibers der Website ist untersagt.<\/p><div class=\"h3\">3. Haftung f\u00fcr Links<\/div><p>Diese Website kann Links zu externen Websites enthalten, jedoch hat der Betreiber der Website keinen Einfluss auf diese Zielseiten. Deshalb wird f\u00fcr diese fremden Inhalte auch keine Gew\u00e4hr \u00fcbernommen, daf\u00fcr ist stets der jeweilige Anbieter der Seiten verantwortlich.<\/p><\/div><\/div><\/div>\t\t\t\t\t\t<\/div>\n\t\t\t\t<\/div>\n\t\t\t\t\t<\/div>\n\t\t<\/div>\n\t\t\t\t\t<\/div>\n\t\t<\/section>\n\t\t\t\t<\/div>\n\t\t","protected":false},"excerpt":{"rendered":"<p>Impressum \u00a0 Kreischberg Eck\u00a0Kreischbergstra\u00dfe 158861\u00a0Sankt Georgen ob MurauFestnetz:\u00a003537 444Mail:\u00a0lukas.kleinferchner@gmx.at Gesch\u00e4ftsf\u00fchrerIn\/InhaberIn:\u00a0Lukas KleinferchnerUnternehmensgr\u00fcndung:\u00a015.09.2015Gewerbe:\u00a0GastgewerbeUID-Nummer:\u00a0ATU69919225Firmenbuchnummer:\u00a0FN 440081dKammer\/Berufsverband:\u00a0WKO Steiermark, Fachgruppe GastronomieAufsichtsbeh\u00f6rde:\u00a0Landesgericht Leoben ALLGEMEINE NUTZUNGSBEDINGUNGEN1. Haftungsausschluss Obwohl die Seiten mit gr\u00f6\u00dfter Sorgfalt erstellt wurden, kann keine Gew\u00e4hr f\u00fcr die Richtigkeit, Vollst\u00e4ndigkeit und Aktualit\u00e4t der bereitgestellten Informationen \u00fcbernommen werden. Der Betreiber der Website bem\u00fcht sich darum, Fehler oder Irrt\u00fcmer zu berichtigen, wenn er [&hellip;]<\/p>\n","protected":false},"author":1,"featured_media":0,"parent":0,"menu_order":0,"comment_status":"closed","ping_status":"closed","template":"","meta":{"footnotes":""},"class_list":["post-430","page","type-page","status-publish","hentry"],"_links":{"self":[{"href":"https:\/\/kreischberg-eck.at\/index.php\/wp-json\/wp\/v2\/pages\/430","targetHints":{"allow":["GET"]}}],"collection":[{"href":"https:\/\/kreischberg-eck.at\/index.php\/wp-json\/wp\/v2\/pages"}],"about":[{"href":"https:\/\/kreischberg-eck.at\/index.php\/wp-json\/wp\/v2\/types\/page"}],"author":[{"embeddable":true,"href":"https:\/\/kreischberg-eck.at\/index.php\/wp-json\/wp\/v2\/users\/1"}],"replies":[{"embeddable":true,"href":"https:\/\/kreischberg-eck.at\/index.php\/wp-json\/wp\/v2\/comments?post=430"}],"version-history":[{"count":7,"href":"https:\/\/kreischberg-eck.at\/index.php\/wp-json\/wp\/v2\/pages\/430\/revisions"}],"predecessor-version":[{"id":535,"href":"https:\/\/kreischberg-eck.at\/index.php\/wp-json\/wp\/v2\/pages\/430\/revisions\/535"}],"wp:attachment":[{"href":"https:\/\/kreischberg-eck.at\/index.php\/wp-json\/wp\/v2\/media?parent=430"}],"curies":[{"name":"wp","href":"https:\/\/api.w.org\/{rel}","templated":true}]}}